{"id":148,"date":"2019-04-13T16:32:13","date_gmt":"2019-04-13T14:32:13","guid":{"rendered":"http:\/\/www.planative.net\/worldflags\/?page_id=148"},"modified":"2019-04-13T16:34:51","modified_gmt":"2019-04-13T14:34:51","slug":"grafik-ai-eps-jpg-tiff-png-svg-gratis-konvertieren","status":"publish","type":"page","link":"https:\/\/www.planative.net\/worldflags\/grafik-ai-eps-jpg-tiff-png-svg-gratis-konvertieren\/","title":{"rendered":"Welche Grafikformate gibt es und wie konvertiert man sie?"},"content":{"rendered":"<p>Wir haben ein geniales Gratis Online tool entdeckt, mit dem du einfach deine .AI Vektorgrafik Daten (Adobe Illustrator) in jedes beliebige weitere Grafikformat konvertieren kannst. Das Ganze funktioniert nat\u00fcrlich auch in die andere Richtung.<\/p>\n<p>Dabei musst du zun\u00e4chst wissen, welche Art von Grafik du f\u00fcr diene weitere Verarbeitung ben\u00f6tigst:<\/p>\n<h3>Hier ein kleiner \u00dcberblick zu den m\u00f6glichen Grafikformaten:<\/h3>\n<ul>\n<li><strong>Alternative Vektorgrafik neben .ai:<\/strong> .svg, .eps, .plt, .ps, .emf, .wmf, .sk, .cgm, .fig, .sk1<\/li>\n<li><strong>Pixelgrafik:<\/strong> .png, .jpg, .psd, .ico, .tiff, .bmp, .gif, .rgb<\/li>\n<li><strong>Schriftart:<\/strong> .ps<\/li>\n<li><strong>Dokumentenformat:<\/strong> .pdf, .doc, .docx, .html, .rtf, .dotm, .odt, .dot, .dotx,<\/li>\n<li><strong>CAD-Format:<\/strong> .dxf<\/li>\n<\/ul>\n<p>Hast du dich f\u00fcr dein Zielformat entschieden, dann kann es ans Hochladen gehen.<\/p>\n<p><script async src=\"\/\/pagead2.googlesyndication.com\/pagead\/js\/adsbygoogle.js\"><\/script><br \/>\n<ins class=\"adsbygoogle\" style=\"display: block; text-align: center;\" data-ad-layout=\"in-article\" data-ad-format=\"fluid\" data-ad-client=\"ca-pub-5269365390643500\" data-ad-slot=\"3152644660\"><\/ins><br \/>\n<script>\n     (adsbygoogle = window.adsbygoogle || []).push({});\n<\/script><\/p>\n<h3>4 Schritte zur Grafik Konvertierung<\/h3>\n<ol>\n<li>Folge dem Link zu &#8211;&gt; <strong><em><a href=\"https:\/\/convertio.co\/ai-eps\/\" target=\"_blank\" rel=\"noopener\">Convertio<\/a><\/em><\/strong>. Nein wir haben weder Anteile, noch sind wir in irgendeiner Art provisionsbeteiligt an der Plattform \u2013 Wir finden sie einfach cool und empfehlen sie hiermit weiter.<\/li>\n<li>Lade dort dein <strong>ai<\/strong>&#8211;<strong>file, <\/strong>oder mehrere hoch. Hol dir die Daten von deinem Computer, Google Drive, Dropbox, oder einer URL. Noch leichter geht es, wenn du deine Daten in einem offenen Fenster hast und direkt auf die Plattform r\u00fcber ziehst.<\/li>\n<li>W\u00e4hle im rechten Feld &#8220;to <strong>eps<\/strong>&#8221; aus oder w\u00e4hle jedes andere beliebige Format mit dem kleinen Dropdown Pfeil daneben. Es werden hier bis zu 200 Formate Angebote.<br \/>\nUnter <strong>\u201eadd more files\u201c<\/strong> lassen sich nach demselben Schema weitere Daten bis insgesamt 100MB ohne Registrierung hochladen.<\/li>\n<li>Mit dem Button <strong>\u201econvert\u201c<\/strong> startet die Daten Conversion und du kannst nach kurzer Zeit deine Datei im neuen Format downloaden, speichern und frei weiterverwenden.<\/li>\n<\/ol>\n","protected":false},"excerpt":{"rendered":"<p> [&hellip;]<\/p>\n","protected":false},"author":2,"featured_media":0,"parent":0,"menu_order":0,"comment_status":"closed","ping_status":"closed","template":"","meta":{"_monsterinsights_skip_tracking":false,"_monsterinsights_sitenote_active":false,"_monsterinsights_sitenote_note":"","_monsterinsights_sitenote_category":0,"footnotes":""},"class_list":["post-148","page","type-page","status-publish","hentry"],"yoast_head":"<!-- This site is optimized with the Yoast SEO plugin v27.5 - https:\/\/yoast.com\/product\/yoast-seo-wordpress\/ -->\n<title>Welche Grafikformate gibt es und wie konvertiert man sie? - World of Flags<\/title>\n<meta name=\"description\" content=\"Wir erkl\u00e4ren dir, welche Grafikformate es gibt, den Unterschied zwischen Pixel \/ Vektor und stellen dir ein Gratis Tool vor, Grafiken zu konvertieren.\" \/>\n<meta name=\"robots\" content=\"index, follow, max-snippet:-1, max-image-preview:large, max-video-preview:-1\" \/>\n<link rel=\"canonical\" href=\"https:\/\/www.planative.net\/worldflags\/grafik-ai-eps-jpg-tiff-png-svg-gratis-konvertieren\/\" \/>\n<meta property=\"og:locale\" content=\"en_US\" \/>\n<meta property=\"og:type\" content=\"article\" \/>\n<meta property=\"og:title\" content=\"Welche Grafikformate gibt es und wie konvertiert man sie? - World of Flags\" \/>\n<meta property=\"og:description\" content=\"Wir erkl\u00e4ren dir, welche Grafikformate es gibt, den Unterschied zwischen Pixel \/ Vektor und stellen dir ein Gratis Tool vor, Grafiken zu konvertieren.\" \/>\n<meta property=\"og:url\" content=\"https:\/\/www.planative.net\/worldflags\/grafik-ai-eps-jpg-tiff-png-svg-gratis-konvertieren\/\" \/>\n<meta property=\"og:site_name\" content=\"World of Flags\" \/>\n<meta property=\"article:modified_time\" content=\"2019-04-13T14:34:51+00:00\" \/>\n<meta name=\"twitter:card\" content=\"summary_large_image\" \/>\n<meta name=\"twitter:label1\" content=\"Est. reading time\" \/>\n\t<meta name=\"twitter:data1\" content=\"1 minute\" \/>\n<script type=\"application\/ld+json\" class=\"yoast-schema-graph\">{\"@context\":\"https:\\\/\\\/schema.org\",\"@graph\":[{\"@type\":\"WebPage\",\"@id\":\"https:\\\/\\\/www.planative.net\\\/worldflags\\\/grafik-ai-eps-jpg-tiff-png-svg-gratis-konvertieren\\\/\",\"url\":\"https:\\\/\\\/www.planative.net\\\/worldflags\\\/grafik-ai-eps-jpg-tiff-png-svg-gratis-konvertieren\\\/\",\"name\":\"Welche Grafikformate gibt es und wie konvertiert man sie? - World of Flags\",\"isPartOf\":{\"@id\":\"https:\\\/\\\/www.planative.net\\\/worldflags\\\/#website\"},\"datePublished\":\"2019-04-13T14:32:13+00:00\",\"dateModified\":\"2019-04-13T14:34:51+00:00\",\"description\":\"Wir erkl\u00e4ren dir, welche Grafikformate es gibt, den Unterschied zwischen Pixel \\\/ Vektor und stellen dir ein Gratis Tool vor, Grafiken zu konvertieren.\",\"breadcrumb\":{\"@id\":\"https:\\\/\\\/www.planative.net\\\/worldflags\\\/grafik-ai-eps-jpg-tiff-png-svg-gratis-konvertieren\\\/#breadcrumb\"},\"inLanguage\":\"en-US\",\"potentialAction\":[{\"@type\":\"ReadAction\",\"target\":[\"https:\\\/\\\/www.planative.net\\\/worldflags\\\/grafik-ai-eps-jpg-tiff-png-svg-gratis-konvertieren\\\/\"]}]},{\"@type\":\"BreadcrumbList\",\"@id\":\"https:\\\/\\\/www.planative.net\\\/worldflags\\\/grafik-ai-eps-jpg-tiff-png-svg-gratis-konvertieren\\\/#breadcrumb\",\"itemListElement\":[{\"@type\":\"ListItem\",\"position\":1,\"name\":\"Home\",\"item\":\"https:\\\/\\\/www.planative.net\\\/worldflags\\\/\"},{\"@type\":\"ListItem\",\"position\":2,\"name\":\"Welche Grafikformate gibt es und wie konvertiert man sie?\"}]},{\"@type\":\"WebSite\",\"@id\":\"https:\\\/\\\/www.planative.net\\\/worldflags\\\/#website\",\"url\":\"https:\\\/\\\/www.planative.net\\\/worldflags\\\/\",\"name\":\"World of Flags\",\"description\":\"Vectorized National Flags - Download and use them for free\",\"potentialAction\":[{\"@type\":\"SearchAction\",\"target\":{\"@type\":\"EntryPoint\",\"urlTemplate\":\"https:\\\/\\\/www.planative.net\\\/worldflags\\\/?s={search_term_string}\"},\"query-input\":{\"@type\":\"PropertyValueSpecification\",\"valueRequired\":true,\"valueName\":\"search_term_string\"}}],\"inLanguage\":\"en-US\"}]}<\/script>\n<!-- \/ Yoast SEO plugin. -->","yoast_head_json":{"title":"Welche Grafikformate gibt es und wie konvertiert man sie? - World of Flags","description":"Wir erkl\u00e4ren dir, welche Grafikformate es gibt, den Unterschied zwischen Pixel \/ Vektor und stellen dir ein Gratis Tool vor, Grafiken zu konvertieren.","robots":{"index":"index","follow":"follow","max-snippet":"max-snippet:-1","max-image-preview":"max-image-preview:large","max-video-preview":"max-video-preview:-1"},"canonical":"https:\/\/www.planative.net\/worldflags\/grafik-ai-eps-jpg-tiff-png-svg-gratis-konvertieren\/","og_locale":"en_US","og_type":"article","og_title":"Welche Grafikformate gibt es und wie konvertiert man sie? - World of Flags","og_description":"Wir erkl\u00e4ren dir, welche Grafikformate es gibt, den Unterschied zwischen Pixel \/ Vektor und stellen dir ein Gratis Tool vor, Grafiken zu konvertieren.","og_url":"https:\/\/www.planative.net\/worldflags\/grafik-ai-eps-jpg-tiff-png-svg-gratis-konvertieren\/","og_site_name":"World of Flags","article_modified_time":"2019-04-13T14:34:51+00:00","twitter_card":"summary_large_image","twitter_misc":{"Est. reading time":"1 minute"},"schema":{"@context":"https:\/\/schema.org","@graph":[{"@type":"WebPage","@id":"https:\/\/www.planative.net\/worldflags\/grafik-ai-eps-jpg-tiff-png-svg-gratis-konvertieren\/","url":"https:\/\/www.planative.net\/worldflags\/grafik-ai-eps-jpg-tiff-png-svg-gratis-konvertieren\/","name":"Welche Grafikformate gibt es und wie konvertiert man sie? - World of Flags","isPartOf":{"@id":"https:\/\/www.planative.net\/worldflags\/#website"},"datePublished":"2019-04-13T14:32:13+00:00","dateModified":"2019-04-13T14:34:51+00:00","description":"Wir erkl\u00e4ren dir, welche Grafikformate es gibt, den Unterschied zwischen Pixel \/ Vektor und stellen dir ein Gratis Tool vor, Grafiken zu konvertieren.","breadcrumb":{"@id":"https:\/\/www.planative.net\/worldflags\/grafik-ai-eps-jpg-tiff-png-svg-gratis-konvertieren\/#breadcrumb"},"inLanguage":"en-US","potentialAction":[{"@type":"ReadAction","target":["https:\/\/www.planative.net\/worldflags\/grafik-ai-eps-jpg-tiff-png-svg-gratis-konvertieren\/"]}]},{"@type":"BreadcrumbList","@id":"https:\/\/www.planative.net\/worldflags\/grafik-ai-eps-jpg-tiff-png-svg-gratis-konvertieren\/#breadcrumb","itemListElement":[{"@type":"ListItem","position":1,"name":"Home","item":"https:\/\/www.planative.net\/worldflags\/"},{"@type":"ListItem","position":2,"name":"Welche Grafikformate gibt es und wie konvertiert man sie?"}]},{"@type":"WebSite","@id":"https:\/\/www.planative.net\/worldflags\/#website","url":"https:\/\/www.planative.net\/worldflags\/","name":"World of Flags","description":"Vectorized National Flags - Download and use them for free","potentialAction":[{"@type":"SearchAction","target":{"@type":"EntryPoint","urlTemplate":"https:\/\/www.planative.net\/worldflags\/?s={search_term_string}"},"query-input":{"@type":"PropertyValueSpecification","valueRequired":true,"valueName":"search_term_string"}}],"inLanguage":"en-US"}]}},"_links":{"self":[{"href":"https:\/\/www.planative.net\/worldflags\/wp-json\/wp\/v2\/pages\/148","targetHints":{"allow":["GET"]}}],"collection":[{"href":"https:\/\/www.planative.net\/worldflags\/wp-json\/wp\/v2\/pages"}],"about":[{"href":"https:\/\/www.planative.net\/worldflags\/wp-json\/wp\/v2\/types\/page"}],"author":[{"embeddable":true,"href":"https:\/\/www.planative.net\/worldflags\/wp-json\/wp\/v2\/users\/2"}],"replies":[{"embeddable":true,"href":"https:\/\/www.planative.net\/worldflags\/wp-json\/wp\/v2\/comments?post=148"}],"version-history":[{"count":4,"href":"https:\/\/www.planative.net\/worldflags\/wp-json\/wp\/v2\/pages\/148\/revisions"}],"predecessor-version":[{"id":153,"href":"https:\/\/www.planative.net\/worldflags\/wp-json\/wp\/v2\/pages\/148\/revisions\/153"}],"wp:attachment":[{"href":"https:\/\/www.planative.net\/worldflags\/wp-json\/wp\/v2\/media?parent=148"}],"curies":[{"name":"wp","href":"https:\/\/api.w.org\/{rel}","templated":true}]}}